{"id":16,"date":"2020-02-20T09:28:13","date_gmt":"2020-02-20T09:28:13","guid":{"rendered":"https:\/\/sareno.com\/?page_id=16"},"modified":"2025-02-27T14:00:23","modified_gmt":"2025-02-27T14:00:23","slug":"willkommen-bei-der-sareno-handels-ag","status":"publish","type":"page","link":"https:\/\/sareno.com\/","title":{"rendered":"Willkommen bei der Sareno Handels AG"},"content":{"rendered":"\n<h2 class=\"wp-block-heading\">Wiederverwertung und Entsorgung<\/h2>\n\n\n\n<figure class=\"wp-block-image size-large\"><img loading=\"lazy\" decoding=\"async\" width=\"1024\" height=\"683\" src=\"https:\/\/sareno.com\/wp-content\/uploads\/2020\/12\/steel-equipment-metal-fire-industrial-factory-1375858-pxhere.com_-1024x683.jpg\" alt=\"\" class=\"wp-image-138\" srcset=\"https:\/\/sareno.com\/wp-content\/uploads\/2020\/12\/steel-equipment-metal-fire-industrial-factory-1375858-pxhere.com_-1024x683.jpg 1024w, https:\/\/sareno.com\/wp-content\/uploads\/2020\/12\/steel-equipment-metal-fire-industrial-factory-1375858-pxhere.com_-300x200.jpg 300w, https:\/\/sareno.com\/wp-content\/uploads\/2020\/12\/steel-equipment-metal-fire-industrial-factory-1375858-pxhere.com_-768x512.jpg 768w, https:\/\/sareno.com\/wp-content\/uploads\/2020\/12\/steel-equipment-metal-fire-industrial-factory-1375858-pxhere.com_-1536x1024.jpg 1536w, https:\/\/sareno.com\/wp-content\/uploads\/2020\/12\/steel-equipment-metal-fire-industrial-factory-1375858-pxhere.com_-2048x1365.jpg 2048w\" sizes=\"auto, (max-width: 1024px) 100vw, 1024px\" \/><\/figure>\n\n\n\n<p>Seit 1994 ist die Sareno Handels AG als Berater und Dienstleister der Gie\u00dfereiindustrie im Bereich der Wiederverwertung von Gie\u00dfereialtsanden t\u00e4tig. Daher haben wir reiche Erfahrung in der Konzeption von Wiederverwertungsanlagen in diesem Gebiet. Mit unseren Partnern bieten wir eine flexible und sichere Verwertung von Giessereialtsanden (f\u00fcr Kunden wie <a href=\"https:\/\/www.benningerguss.ch\/home\">Benninger Guss AG<\/a> oder <a href=\"https:\/\/nottaris.ch\/firma_eisengiesserei.html\">Nottaris AG<\/a>) oder unabh\u00e4ngig vom immer knapper werdenden Deponieraum an. Auch feine St\u00e4ube k\u00f6nnen wir dank unserer einzigartigen Anlage entgegen nehmen. <a href=\"https:\/\/sareno.com\/?page_id=14\">Sie finden hier alle Dienstleistungen<\/a>, die wir in diesem Bereich anbieten.<\/p>\n\n\n\n<h2 class=\"wp-block-heading\">Content-Dienstleistungen<\/h2>\n\n\n\n<figure class=\"wp-block-image\"><img loading=\"lazy\" decoding=\"async\" width=\"1024\" height=\"683\" src=\"https:\/\/sareno.com\/wp-content\/uploads\/2019\/09\/tim-van-der-kuip-CPs2X8JYmS8-unsplash-1024x683.jpg\" alt=\"Content Creators in office\" class=\"wp-image-24\" srcset=\"https:\/\/sareno.com\/wp-content\/uploads\/2019\/09\/tim-van-der-kuip-CPs2X8JYmS8-unsplash-1024x683.jpg 1024w, https:\/\/sareno.com\/wp-content\/uploads\/2019\/09\/tim-van-der-kuip-CPs2X8JYmS8-unsplash-300x200.jpg 300w, https:\/\/sareno.com\/wp-content\/uploads\/2019\/09\/tim-van-der-kuip-CPs2X8JYmS8-unsplash-768x512.jpg 768w\" sizes=\"auto, (max-width: 1024px) 100vw, 1024px\" \/><figcaption class=\"wp-element-caption\">Content off-site oder on-site <br>(Bild:  Tim van der Kuip auf unsplash)<\/figcaption><\/figure>\n\n\n\n<p>Websites brauchen Inhalte: Wir sorgen daf\u00fcr, dass diese dort hinkommen. P\u00fcnktlich und  zuverl\u00e4ssig. Wir zeigen Ihnen, welche Content Dienstleistungen wir f\u00fcr Ihre Internetpr\u00e4senzen on- und offsite anbieten Dies umfasst sowohl die Eingabe und Pr\u00fcfung von existierendem Content als auch die Erstellung von neuen Inhalten. Ebenso sorgen wir daf\u00fcr, dass die Daten auf ihrer Website gepr\u00fcft werden und ihre Inhalte korrekt sind.  <a href=\"https:\/\/sareno.com\/?page_id=11\">Hier erfahren Sie mehr.<\/a><\/p>\n\n\n\n<p><\/p>\n","protected":false},"excerpt":{"rendered":"<p>Wiederverwertung und Entsorgung Seit 1994 ist die Sareno Handels AG als Berater und Dienstleister der Gie\u00dfereiindustrie im Bereich der Wiederverwertung von Gie\u00dfereialtsanden t\u00e4tig. Daher haben wir reiche Erfahrung in der Konzeption von Wiederverwertungsanlagen in diesem Gebiet. Mit unseren Partnern bieten wir eine flexible und sichere Verwertung von Giessereialtsanden (f\u00fcr Kunden wie Benninger Guss AG oder &#8230; <a title=\"Willkommen bei der Sareno Handels AG\" class=\"read-more\" href=\"https:\/\/sareno.com\/\" aria-label=\"Read more about Willkommen bei der Sareno Handels AG\">mehr lesen<\/a><\/p>\n","protected":false},"author":1,"featured_media":0,"parent":0,"menu_order":0,"comment_status":"closed","ping_status":"closed","template":"","meta":{"footnotes":""},"class_list":["post-16","page","type-page","status-publish"],"yoast_head":"<!-- This site is optimized with the Yoast SEO plugin v27.6 - https:\/\/yoast.com\/product\/yoast-seo-wordpress\/ -->\n<title>Content Services, Wiederverwertung von Giessereialtsanden<\/title>\n<meta name=\"description\" content=\"Die Sareno Handels AG bietet Dienstleistungen f\u00fcr Content Mangement, Personaldienstleistungen und die Wiederverwertung von Gie\u00dfereialtsanden\" \/>\n<meta name=\"robots\" content=\"index, follow, max-snippet:-1, max-image-preview:large, max-video-preview:-1\" \/>\n<link rel=\"canonical\" href=\"https:\/\/sareno.com\/\" \/>\n<meta property=\"og:locale\" content=\"de_DE\" \/>\n<meta property=\"og:type\" content=\"article\" \/>\n<meta property=\"og:title\" content=\"Content Services, Wiederverwertung von Giessereialtsanden\" \/>\n<meta property=\"og:description\" content=\"Die Sareno Handels AG bietet Dienstleistungen f\u00fcr Content Mangement, Personaldienstleistungen und die Wiederverwertung von Gie\u00dfereialtsanden\" \/>\n<meta property=\"og:url\" content=\"https:\/\/sareno.com\/\" \/>\n<meta property=\"og:site_name\" content=\"Sareno Handels AG\" \/>\n<meta property=\"article:modified_time\" content=\"2025-02-27T14:00:23+00:00\" \/>\n<meta property=\"og:image\" content=\"https:\/\/sareno.com\/wp-content\/uploads\/2020\/12\/steel-equipment-metal-fire-industrial-factory-1375858-pxhere.com_-scaled.jpg\" \/>\n\t<meta property=\"og:image:width\" content=\"2560\" \/>\n\t<meta property=\"og:image:height\" content=\"1707\" \/>\n\t<meta property=\"og:image:type\" content=\"image\/jpeg\" \/>\n<meta name=\"twitter:card\" content=\"summary_large_image\" \/>\n<meta name=\"twitter:label1\" content=\"Gesch\u00e4tzte Lesezeit\" \/>\n\t<meta name=\"twitter:data1\" content=\"2\u00a0Minuten\" \/>\n<script type=\"application\/ld+json\" class=\"yoast-schema-graph\">{\"@context\":\"https:\\\/\\\/schema.org\",\"@graph\":[{\"@type\":\"WebPage\",\"@id\":\"https:\\\/\\\/sareno.com\\\/\",\"url\":\"https:\\\/\\\/sareno.com\\\/\",\"name\":\"Content Services, Wiederverwertung von Giessereialtsanden\",\"isPartOf\":{\"@id\":\"https:\\\/\\\/sareno.com\\\/#website\"},\"primaryImageOfPage\":{\"@id\":\"https:\\\/\\\/sareno.com\\\/#primaryimage\"},\"image\":{\"@id\":\"https:\\\/\\\/sareno.com\\\/#primaryimage\"},\"thumbnailUrl\":\"https:\\\/\\\/sareno.com\\\/wp-content\\\/uploads\\\/2020\\\/12\\\/steel-equipment-metal-fire-industrial-factory-1375858-pxhere.com_-1024x683.jpg\",\"datePublished\":\"2020-02-20T09:28:13+00:00\",\"dateModified\":\"2025-02-27T14:00:23+00:00\",\"description\":\"Die Sareno Handels AG bietet Dienstleistungen f\u00fcr Content Mangement, Personaldienstleistungen und die Wiederverwertung von Gie\u00dfereialtsanden\",\"breadcrumb\":{\"@id\":\"https:\\\/\\\/sareno.com\\\/#breadcrumb\"},\"inLanguage\":\"de-CH\",\"potentialAction\":[{\"@type\":\"ReadAction\",\"target\":[\"https:\\\/\\\/sareno.com\\\/\"]}]},{\"@type\":\"ImageObject\",\"inLanguage\":\"de-CH\",\"@id\":\"https:\\\/\\\/sareno.com\\\/#primaryimage\",\"url\":\"https:\\\/\\\/sareno.com\\\/wp-content\\\/uploads\\\/2020\\\/12\\\/steel-equipment-metal-fire-industrial-factory-1375858-pxhere.com_-scaled.jpg\",\"contentUrl\":\"https:\\\/\\\/sareno.com\\\/wp-content\\\/uploads\\\/2020\\\/12\\\/steel-equipment-metal-fire-industrial-factory-1375858-pxhere.com_-scaled.jpg\",\"width\":2560,\"height\":1707},{\"@type\":\"BreadcrumbList\",\"@id\":\"https:\\\/\\\/sareno.com\\\/#breadcrumb\",\"itemListElement\":[{\"@type\":\"ListItem\",\"position\":1,\"name\":\"Home\",\"item\":\"https:\\\/\\\/sareno.com\\\/\"},{\"@type\":\"ListItem\",\"position\":2,\"name\":\"Willkommen bei der Sareno Handels AG\"}]},{\"@type\":\"WebSite\",\"@id\":\"https:\\\/\\\/sareno.com\\\/#website\",\"url\":\"https:\\\/\\\/sareno.com\\\/\",\"name\":\"Sareno Handels AG\",\"description\":\"Obere M\u00fchlentreppe 2 - 9000 St. Gallen - Tel. +41 71 244 0706 - info@sareno.com\",\"potentialAction\":[{\"@type\":\"SearchAction\",\"target\":{\"@type\":\"EntryPoint\",\"urlTemplate\":\"https:\\\/\\\/sareno.com\\\/?s={search_term_string}\"},\"query-input\":{\"@type\":\"PropertyValueSpecification\",\"valueRequired\":true,\"valueName\":\"search_term_string\"}}],\"inLanguage\":\"de-CH\"}]}<\/script>\n<!-- \/ Yoast SEO plugin. -->","yoast_head_json":{"title":"Content Services, Wiederverwertung von Giessereialtsanden","description":"Die Sareno Handels AG bietet Dienstleistungen f\u00fcr Content Mangement, Personaldienstleistungen und die Wiederverwertung von Gie\u00dfereialtsanden","robots":{"index":"index","follow":"follow","max-snippet":"max-snippet:-1","max-image-preview":"max-image-preview:large","max-video-preview":"max-video-preview:-1"},"canonical":"https:\/\/sareno.com\/","og_locale":"de_DE","og_type":"article","og_title":"Content Services, Wiederverwertung von Giessereialtsanden","og_description":"Die Sareno Handels AG bietet Dienstleistungen f\u00fcr Content Mangement, Personaldienstleistungen und die Wiederverwertung von Gie\u00dfereialtsanden","og_url":"https:\/\/sareno.com\/","og_site_name":"Sareno Handels AG","article_modified_time":"2025-02-27T14:00:23+00:00","og_image":[{"width":2560,"height":1707,"url":"https:\/\/sareno.com\/wp-content\/uploads\/2020\/12\/steel-equipment-metal-fire-industrial-factory-1375858-pxhere.com_-scaled.jpg","type":"image\/jpeg"}],"twitter_card":"summary_large_image","twitter_misc":{"Gesch\u00e4tzte Lesezeit":"2\u00a0Minuten"},"schema":{"@context":"https:\/\/schema.org","@graph":[{"@type":"WebPage","@id":"https:\/\/sareno.com\/","url":"https:\/\/sareno.com\/","name":"Content Services, Wiederverwertung von Giessereialtsanden","isPartOf":{"@id":"https:\/\/sareno.com\/#website"},"primaryImageOfPage":{"@id":"https:\/\/sareno.com\/#primaryimage"},"image":{"@id":"https:\/\/sareno.com\/#primaryimage"},"thumbnailUrl":"https:\/\/sareno.com\/wp-content\/uploads\/2020\/12\/steel-equipment-metal-fire-industrial-factory-1375858-pxhere.com_-1024x683.jpg","datePublished":"2020-02-20T09:28:13+00:00","dateModified":"2025-02-27T14:00:23+00:00","description":"Die Sareno Handels AG bietet Dienstleistungen f\u00fcr Content Mangement, Personaldienstleistungen und die Wiederverwertung von Gie\u00dfereialtsanden","breadcrumb":{"@id":"https:\/\/sareno.com\/#breadcrumb"},"inLanguage":"de-CH","potentialAction":[{"@type":"ReadAction","target":["https:\/\/sareno.com\/"]}]},{"@type":"ImageObject","inLanguage":"de-CH","@id":"https:\/\/sareno.com\/#primaryimage","url":"https:\/\/sareno.com\/wp-content\/uploads\/2020\/12\/steel-equipment-metal-fire-industrial-factory-1375858-pxhere.com_-scaled.jpg","contentUrl":"https:\/\/sareno.com\/wp-content\/uploads\/2020\/12\/steel-equipment-metal-fire-industrial-factory-1375858-pxhere.com_-scaled.jpg","width":2560,"height":1707},{"@type":"BreadcrumbList","@id":"https:\/\/sareno.com\/#breadcrumb","itemListElement":[{"@type":"ListItem","position":1,"name":"Home","item":"https:\/\/sareno.com\/"},{"@type":"ListItem","position":2,"name":"Willkommen bei der Sareno Handels AG"}]},{"@type":"WebSite","@id":"https:\/\/sareno.com\/#website","url":"https:\/\/sareno.com\/","name":"Sareno Handels AG","description":"Obere M\u00fchlentreppe 2 - 9000 St. Gallen - Tel. +41 71 244 0706 - info@sareno.com","potentialAction":[{"@type":"SearchAction","target":{"@type":"EntryPoint","urlTemplate":"https:\/\/sareno.com\/?s={search_term_string}"},"query-input":{"@type":"PropertyValueSpecification","valueRequired":true,"valueName":"search_term_string"}}],"inLanguage":"de-CH"}]}},"_links":{"self":[{"href":"https:\/\/sareno.com\/index.php?rest_route=\/wp\/v2\/pages\/16","targetHints":{"allow":["GET"]}}],"collection":[{"href":"https:\/\/sareno.com\/index.php?rest_route=\/wp\/v2\/pages"}],"about":[{"href":"https:\/\/sareno.com\/index.php?rest_route=\/wp\/v2\/types\/page"}],"author":[{"embeddable":true,"href":"https:\/\/sareno.com\/index.php?rest_route=\/wp\/v2\/users\/1"}],"replies":[{"embeddable":true,"href":"https:\/\/sareno.com\/index.php?rest_route=%2Fwp%2Fv2%2Fcomments&post=16"}],"version-history":[{"count":14,"href":"https:\/\/sareno.com\/index.php?rest_route=\/wp\/v2\/pages\/16\/revisions"}],"predecessor-version":[{"id":155,"href":"https:\/\/sareno.com\/index.php?rest_route=\/wp\/v2\/pages\/16\/revisions\/155"}],"wp:attachment":[{"href":"https:\/\/sareno.com\/index.php?rest_route=%2Fwp%2Fv2%2Fmedia&parent=16"}],"curies":[{"name":"wp","href":"https:\/\/api.w.org\/{rel}","templated":true}]}}