{"id":11,"date":"2019-09-23T13:28:52","date_gmt":"2019-09-23T13:28:52","guid":{"rendered":"https:\/\/sareno.com\/?page_id=11"},"modified":"2026-01-17T10:13:07","modified_gmt":"2026-01-17T10:13:07","slug":"content-services","status":"publish","type":"page","link":"https:\/\/sareno.com\/?page_id=11","title":{"rendered":"SERVICES"},"content":{"rendered":"\n<h3 class=\"wp-block-heading\">Managed Services<\/h3>\n\n\n\n<p>Sie m\u00f6chten Ihre Produkte oder Dienstleistungen in der Schweiz oder im benachbarten Ausland etablieren, ohne selbst eine Firma gr\u00fcnden oder komplexe administrative Strukturen aufbauen zu m\u00fcssen? Mit unseren <strong>Managed Services<\/strong> bieten wir Ihnen eine <strong>komplette, schl\u00fcsselfertige L\u00f6sung<\/strong> \u2013 von der Personalrekrutierung \u00fcber die B\u00fcroinfrastruktur bis hin zur vollst\u00e4ndigen Personaladministration. Sie konzentrieren sich auf Ihr Kerngesch\u00e4ft, wir k\u00fcmmern uns um den Rest.<\/p>\n\n\n\n<figure class=\"wp-block-image size-large\"><img loading=\"lazy\" decoding=\"async\" width=\"1024\" height=\"576\" src=\"https:\/\/sareno.com\/wp-content\/uploads\/2026\/01\/vitaly-gariev-E3TJIo5E9Gg-unsplash-1024x576.jpg\" alt=\"\" class=\"wp-image-161\" srcset=\"https:\/\/sareno.com\/wp-content\/uploads\/2026\/01\/vitaly-gariev-E3TJIo5E9Gg-unsplash-1024x576.jpg 1024w, https:\/\/sareno.com\/wp-content\/uploads\/2026\/01\/vitaly-gariev-E3TJIo5E9Gg-unsplash-300x169.jpg 300w, https:\/\/sareno.com\/wp-content\/uploads\/2026\/01\/vitaly-gariev-E3TJIo5E9Gg-unsplash-768x432.jpg 768w, https:\/\/sareno.com\/wp-content\/uploads\/2026\/01\/vitaly-gariev-E3TJIo5E9Gg-unsplash-1536x864.jpg 1536w, https:\/\/sareno.com\/wp-content\/uploads\/2026\/01\/vitaly-gariev-E3TJIo5E9Gg-unsplash-2048x1152.jpg 2048w\" sizes=\"auto, (max-width: 1024px) 100vw, 1024px\" \/><figcaption class=\"wp-element-caption\">Wir erleichtern den Markteintritt mit unseren managed services.  (Bild: Vitali Gariev, unsplash)<\/figcaption><\/figure>\n\n\n\n<h3 class=\"wp-block-heading\">Content-Management<\/h3>\n\n\n\n<p>Ihre Websites m\u00fcssen unterhalten und aktualisiert werden. Sie m\u00fcssen Inhalte an die Website anpassen, redigieren, k\u00fcrzen oder neu erstellen lassen. Unsere Mitarbeiter haben jahrelange Erfahrung mit Content-Services auch auf komplexen Websites und mit verschiedenen CMS-Systemen. Sie sorgen remote f\u00fcr den Unterhalt Ihrer Website-Inhalte. Und wir f\u00fchren auch Auftr\u00e4ge mit geringem Umfang (ab 1 Manntag \/ Monat) zu g\u00fcnstigen Konditionen aus. <\/p>\n\n\n\n<figure class=\"wp-block-image\"><img loading=\"lazy\" decoding=\"async\" width=\"1024\" height=\"681\" src=\"https:\/\/sareno.com\/wp-content\/uploads\/2019\/09\/glenn-carstens-peters-npxXWgQ33ZQ-unsplash-1024x681.jpg\" alt=\"\" class=\"wp-image-23\" srcset=\"https:\/\/sareno.com\/wp-content\/uploads\/2019\/09\/glenn-carstens-peters-npxXWgQ33ZQ-unsplash-1024x681.jpg 1024w, https:\/\/sareno.com\/wp-content\/uploads\/2019\/09\/glenn-carstens-peters-npxXWgQ33ZQ-unsplash-300x200.jpg 300w, https:\/\/sareno.com\/wp-content\/uploads\/2019\/09\/glenn-carstens-peters-npxXWgQ33ZQ-unsplash-768x511.jpg 768w\" sizes=\"auto, (max-width: 1024px) 100vw, 1024px\" \/><figcaption class=\"wp-element-caption\">Inhalte verwalten oder produzieren: Wir beherrschen beides. (Bild: Glenn Carstens Peters on Unsplash)<\/figcaption><\/figure>\n\n\n\n<h3 class=\"wp-block-heading\">Redaktionelle Dienstleistungen \/ Content-Creation <\/h3>\n\n\n\n<p>Content-Services bedeutet nicht nur CM. Es umfasst auch das Erschaffen neuer Inhalte. F\u00fcr Newsletter und Blogs bereiten wir von Ihnen geliefertes Material auf, bis es bereit zum publizieren ist. Ebenso recherchieren und schreiben wir Artikel zu den gew\u00fcnschten Themen f\u00fcr ihre Publikationen. Es gibt in dieser Hinsicht kaum ein Problem, dass sich nicht l\u00f6sen l\u00e4sst. Mitarbeiter mit journalistischem Hintergrund bringen Texte auf den Punkt. Und w\u00e4hrend der Konzeption unterst\u00fctzen wir Sie gerne mit unseren Inputs. Unsere Erfahrungen umfassen Journalismus, Marketing, embedded Content und interne und externe Newsletter.<\/p>\n\n\n\n<figure class=\"wp-block-image\"><img loading=\"lazy\" decoding=\"async\" width=\"1024\" height=\"683\" src=\"https:\/\/sareno.com\/wp-content\/uploads\/2019\/09\/dylan-gillis-KdeqA3aTnBY-unsplash-1-1024x683.jpg\" alt=\"\" class=\"wp-image-21\" srcset=\"https:\/\/sareno.com\/wp-content\/uploads\/2019\/09\/dylan-gillis-KdeqA3aTnBY-unsplash-1-1024x683.jpg 1024w, https:\/\/sareno.com\/wp-content\/uploads\/2019\/09\/dylan-gillis-KdeqA3aTnBY-unsplash-1-300x200.jpg 300w, https:\/\/sareno.com\/wp-content\/uploads\/2019\/09\/dylan-gillis-KdeqA3aTnBY-unsplash-1-768x512.jpg 768w\" sizes=\"auto, (max-width: 1024px) 100vw, 1024px\" \/><figcaption class=\"wp-element-caption\">(Bild: Dylan Gillis on unsplash)<\/figcaption><\/figure>\n\n\n\n<h3 class=\"wp-block-heading\"><\/h3>\n\n\n\n<p><\/p>\n","protected":false},"excerpt":{"rendered":"<p>Managed Services Sie m\u00f6chten Ihre Produkte oder Dienstleistungen in der Schweiz oder im benachbarten Ausland etablieren, ohne selbst eine Firma gr\u00fcnden oder komplexe administrative Strukturen aufbauen zu m\u00fcssen? Mit unseren Managed Services bieten wir Ihnen eine komplette, schl\u00fcsselfertige L\u00f6sung \u2013 von der Personalrekrutierung \u00fcber die B\u00fcroinfrastruktur bis hin zur vollst\u00e4ndigen Personaladministration. Sie konzentrieren sich auf &#8230; <a title=\"SERVICES\" class=\"read-more\" href=\"https:\/\/sareno.com\/?page_id=11\" aria-label=\"Read more about SERVICES\">mehr lesen<\/a><\/p>\n","protected":false},"author":1,"featured_media":0,"parent":16,"menu_order":0,"comment_status":"closed","ping_status":"closed","template":"","meta":{"footnotes":""},"class_list":["post-11","page","type-page","status-publish"],"yoast_head":"<!-- This site is optimized with the Yoast SEO plugin v27.6 - https:\/\/yoast.com\/product\/yoast-seo-wordpress\/ -->\n<title>Content-Services der Sareno Handels AG f\u00fcr ihre Website<\/title>\n<meta name=\"description\" content=\"Die Sareno Handels AG bietet Content-Services in den Gebieten Content-Management, Content-Creation und Data Acquisition an. Das alles on- und off-site.\" \/>\n<meta name=\"robots\" content=\"index, follow, max-snippet:-1, max-image-preview:large, max-video-preview:-1\" \/>\n<link rel=\"canonical\" href=\"https:\/\/sareno.com\/?page_id=11\" \/>\n<meta property=\"og:locale\" content=\"de_DE\" \/>\n<meta property=\"og:type\" content=\"article\" \/>\n<meta property=\"og:title\" content=\"Content-Services der Sareno Handels AG f\u00fcr ihre Website\" \/>\n<meta property=\"og:description\" content=\"Die Sareno Handels AG bietet Content-Services in den Gebieten Content-Management, Content-Creation und Data Acquisition an. Das alles on- und off-site.\" \/>\n<meta property=\"og:url\" content=\"https:\/\/sareno.com\/?page_id=11\" \/>\n<meta property=\"og:site_name\" content=\"Sareno Handels AG\" \/>\n<meta property=\"article:modified_time\" content=\"2026-01-17T10:13:07+00:00\" \/>\n<meta property=\"og:image\" content=\"https:\/\/sareno.com\/wp-content\/uploads\/2026\/01\/vitaly-gariev-E3TJIo5E9Gg-unsplash-scaled.jpg\" \/>\n\t<meta property=\"og:image:width\" content=\"2560\" \/>\n\t<meta property=\"og:image:height\" content=\"1440\" \/>\n\t<meta property=\"og:image:type\" content=\"image\/jpeg\" \/>\n<meta name=\"twitter:card\" content=\"summary_large_image\" \/>\n<meta name=\"twitter:label1\" content=\"Gesch\u00e4tzte Lesezeit\" \/>\n\t<meta name=\"twitter:data1\" content=\"2\u00a0Minuten\" \/>\n<script type=\"application\/ld+json\" class=\"yoast-schema-graph\">{\"@context\":\"https:\\\/\\\/schema.org\",\"@graph\":[{\"@type\":\"WebPage\",\"@id\":\"https:\\\/\\\/sareno.com\\\/?page_id=11\",\"url\":\"https:\\\/\\\/sareno.com\\\/?page_id=11\",\"name\":\"Content-Services der Sareno Handels AG f\u00fcr ihre Website\",\"isPartOf\":{\"@id\":\"https:\\\/\\\/sareno.com\\\/#website\"},\"primaryImageOfPage\":{\"@id\":\"https:\\\/\\\/sareno.com\\\/?page_id=11#primaryimage\"},\"image\":{\"@id\":\"https:\\\/\\\/sareno.com\\\/?page_id=11#primaryimage\"},\"thumbnailUrl\":\"https:\\\/\\\/sareno.com\\\/wp-content\\\/uploads\\\/2026\\\/01\\\/vitaly-gariev-E3TJIo5E9Gg-unsplash-1024x576.jpg\",\"datePublished\":\"2019-09-23T13:28:52+00:00\",\"dateModified\":\"2026-01-17T10:13:07+00:00\",\"description\":\"Die Sareno Handels AG bietet Content-Services in den Gebieten Content-Management, Content-Creation und Data Acquisition an. Das alles on- und off-site.\",\"breadcrumb\":{\"@id\":\"https:\\\/\\\/sareno.com\\\/?page_id=11#breadcrumb\"},\"inLanguage\":\"de-CH\",\"potentialAction\":[{\"@type\":\"ReadAction\",\"target\":[\"https:\\\/\\\/sareno.com\\\/?page_id=11\"]}]},{\"@type\":\"ImageObject\",\"inLanguage\":\"de-CH\",\"@id\":\"https:\\\/\\\/sareno.com\\\/?page_id=11#primaryimage\",\"url\":\"https:\\\/\\\/sareno.com\\\/wp-content\\\/uploads\\\/2026\\\/01\\\/vitaly-gariev-E3TJIo5E9Gg-unsplash-scaled.jpg\",\"contentUrl\":\"https:\\\/\\\/sareno.com\\\/wp-content\\\/uploads\\\/2026\\\/01\\\/vitaly-gariev-E3TJIo5E9Gg-unsplash-scaled.jpg\",\"width\":2560,\"height\":1440},{\"@type\":\"BreadcrumbList\",\"@id\":\"https:\\\/\\\/sareno.com\\\/?page_id=11#breadcrumb\",\"itemListElement\":[{\"@type\":\"ListItem\",\"position\":1,\"name\":\"Home\",\"item\":\"https:\\\/\\\/sareno.com\\\/\"},{\"@type\":\"ListItem\",\"position\":2,\"name\":\"Willkommen bei der Sareno Handels AG\",\"item\":\"https:\\\/\\\/sareno.com\\\/\"},{\"@type\":\"ListItem\",\"position\":3,\"name\":\"SERVICES\"}]},{\"@type\":\"WebSite\",\"@id\":\"https:\\\/\\\/sareno.com\\\/#website\",\"url\":\"https:\\\/\\\/sareno.com\\\/\",\"name\":\"Sareno Handels AG\",\"description\":\"Obere M\u00fchlentreppe 2 - 9000 St. Gallen - Tel. +41 71 244 0706 - info@sareno.com\",\"potentialAction\":[{\"@type\":\"SearchAction\",\"target\":{\"@type\":\"EntryPoint\",\"urlTemplate\":\"https:\\\/\\\/sareno.com\\\/?s={search_term_string}\"},\"query-input\":{\"@type\":\"PropertyValueSpecification\",\"valueRequired\":true,\"valueName\":\"search_term_string\"}}],\"inLanguage\":\"de-CH\"}]}<\/script>\n<!-- \/ Yoast SEO plugin. -->","yoast_head_json":{"title":"Content-Services der Sareno Handels AG f\u00fcr ihre Website","description":"Die Sareno Handels AG bietet Content-Services in den Gebieten Content-Management, Content-Creation und Data Acquisition an. Das alles on- und off-site.","robots":{"index":"index","follow":"follow","max-snippet":"max-snippet:-1","max-image-preview":"max-image-preview:large","max-video-preview":"max-video-preview:-1"},"canonical":"https:\/\/sareno.com\/?page_id=11","og_locale":"de_DE","og_type":"article","og_title":"Content-Services der Sareno Handels AG f\u00fcr ihre Website","og_description":"Die Sareno Handels AG bietet Content-Services in den Gebieten Content-Management, Content-Creation und Data Acquisition an. Das alles on- und off-site.","og_url":"https:\/\/sareno.com\/?page_id=11","og_site_name":"Sareno Handels AG","article_modified_time":"2026-01-17T10:13:07+00:00","og_image":[{"width":2560,"height":1440,"url":"https:\/\/sareno.com\/wp-content\/uploads\/2026\/01\/vitaly-gariev-E3TJIo5E9Gg-unsplash-scaled.jpg","type":"image\/jpeg"}],"twitter_card":"summary_large_image","twitter_misc":{"Gesch\u00e4tzte Lesezeit":"2\u00a0Minuten"},"schema":{"@context":"https:\/\/schema.org","@graph":[{"@type":"WebPage","@id":"https:\/\/sareno.com\/?page_id=11","url":"https:\/\/sareno.com\/?page_id=11","name":"Content-Services der Sareno Handels AG f\u00fcr ihre Website","isPartOf":{"@id":"https:\/\/sareno.com\/#website"},"primaryImageOfPage":{"@id":"https:\/\/sareno.com\/?page_id=11#primaryimage"},"image":{"@id":"https:\/\/sareno.com\/?page_id=11#primaryimage"},"thumbnailUrl":"https:\/\/sareno.com\/wp-content\/uploads\/2026\/01\/vitaly-gariev-E3TJIo5E9Gg-unsplash-1024x576.jpg","datePublished":"2019-09-23T13:28:52+00:00","dateModified":"2026-01-17T10:13:07+00:00","description":"Die Sareno Handels AG bietet Content-Services in den Gebieten Content-Management, Content-Creation und Data Acquisition an. Das alles on- und off-site.","breadcrumb":{"@id":"https:\/\/sareno.com\/?page_id=11#breadcrumb"},"inLanguage":"de-CH","potentialAction":[{"@type":"ReadAction","target":["https:\/\/sareno.com\/?page_id=11"]}]},{"@type":"ImageObject","inLanguage":"de-CH","@id":"https:\/\/sareno.com\/?page_id=11#primaryimage","url":"https:\/\/sareno.com\/wp-content\/uploads\/2026\/01\/vitaly-gariev-E3TJIo5E9Gg-unsplash-scaled.jpg","contentUrl":"https:\/\/sareno.com\/wp-content\/uploads\/2026\/01\/vitaly-gariev-E3TJIo5E9Gg-unsplash-scaled.jpg","width":2560,"height":1440},{"@type":"BreadcrumbList","@id":"https:\/\/sareno.com\/?page_id=11#breadcrumb","itemListElement":[{"@type":"ListItem","position":1,"name":"Home","item":"https:\/\/sareno.com\/"},{"@type":"ListItem","position":2,"name":"Willkommen bei der Sareno Handels AG","item":"https:\/\/sareno.com\/"},{"@type":"ListItem","position":3,"name":"SERVICES"}]},{"@type":"WebSite","@id":"https:\/\/sareno.com\/#website","url":"https:\/\/sareno.com\/","name":"Sareno Handels AG","description":"Obere M\u00fchlentreppe 2 - 9000 St. Gallen - Tel. +41 71 244 0706 - info@sareno.com","potentialAction":[{"@type":"SearchAction","target":{"@type":"EntryPoint","urlTemplate":"https:\/\/sareno.com\/?s={search_term_string}"},"query-input":{"@type":"PropertyValueSpecification","valueRequired":true,"valueName":"search_term_string"}}],"inLanguage":"de-CH"}]}},"_links":{"self":[{"href":"https:\/\/sareno.com\/index.php?rest_route=\/wp\/v2\/pages\/11","targetHints":{"allow":["GET"]}}],"collection":[{"href":"https:\/\/sareno.com\/index.php?rest_route=\/wp\/v2\/pages"}],"about":[{"href":"https:\/\/sareno.com\/index.php?rest_route=\/wp\/v2\/types\/page"}],"author":[{"embeddable":true,"href":"https:\/\/sareno.com\/index.php?rest_route=\/wp\/v2\/users\/1"}],"replies":[{"embeddable":true,"href":"https:\/\/sareno.com\/index.php?rest_route=%2Fwp%2Fv2%2Fcomments&post=11"}],"version-history":[{"count":19,"href":"https:\/\/sareno.com\/index.php?rest_route=\/wp\/v2\/pages\/11\/revisions"}],"predecessor-version":[{"id":163,"href":"https:\/\/sareno.com\/index.php?rest_route=\/wp\/v2\/pages\/11\/revisions\/163"}],"up":[{"embeddable":true,"href":"https:\/\/sareno.com\/index.php?rest_route=\/wp\/v2\/pages\/16"}],"wp:attachment":[{"href":"https:\/\/sareno.com\/index.php?rest_route=%2Fwp%2Fv2%2Fmedia&parent=11"}],"curies":[{"name":"wp","href":"https:\/\/api.w.org\/{rel}","templated":true}]}}